{"id":1485,"date":"2023-11-08T11:56:15","date_gmt":"2023-11-08T10:56:15","guid":{"rendered":"https:\/\/elalifato.blog\/?page_id=1485"},"modified":"2025-09-17T09:01:40","modified_gmt":"2025-09-17T07:01:40","slug":"blog","status":"publish","type":"page","link":"https:\/\/elalifato.blog\/index.php\/blog\/","title":{"rendered":"Blog"},"content":{"rendered":"","protected":false},"excerpt":{"rendered":"","protected":false},"author":1,"featured_media":0,"parent":0,"menu_order":0,"comment_status":"closed","ping_status":"closed","template":"","meta":{"footnotes":""},"yoast_head":"<!-- This site is optimized with the Yoast SEO plugin v22.6 - https:\/\/yoast.com\/wordpress\/plugins\/seo\/ -->\n<title>Blog - elalifato.blog<\/title>\n<meta name=\"robots\" content=\"index, follow, max-snippet:-1, max-image-preview:large, max-video-preview:-1\" \/>\n<link rel=\"canonical\" href=\"https:\/\/elalifato.blog\/index.php\/blog\/\" \/>\n<meta property=\"og:locale\" content=\"es_ES\" \/>\n<meta property=\"og:type\" content=\"article\" \/>\n<meta property=\"og:title\" content=\"Blog - elalifato.blog\" \/>\n<meta property=\"og:url\" content=\"https:\/\/elalifato.blog\/index.php\/blog\/\" \/>\n<meta property=\"og:site_name\" content=\"elalifato.blog\" \/>\n<meta property=\"article:modified_time\" content=\"2025-09-17T07:01:40+00:00\" \/>\n<meta name=\"twitter:card\" content=\"summary_large_image\" \/>\n<script type=\"application\/ld+json\" class=\"yoast-schema-graph\">{\"@context\":\"https:\/\/schema.org\",\"@graph\":[{\"@type\":\"WebPage\",\"@id\":\"https:\/\/elalifato.blog\/index.php\/blog\/\",\"url\":\"https:\/\/elalifato.blog\/index.php\/blog\/\",\"name\":\"Blog - elalifato.blog\",\"isPartOf\":{\"@id\":\"https:\/\/elalifato.blog\/#website\"},\"datePublished\":\"2023-11-08T10:56:15+00:00\",\"dateModified\":\"2025-09-17T07:01:40+00:00\",\"breadcrumb\":{\"@id\":\"https:\/\/elalifato.blog\/index.php\/blog\/#breadcrumb\"},\"inLanguage\":\"es\",\"potentialAction\":[{\"@type\":\"ReadAction\",\"target\":[\"https:\/\/elalifato.blog\/index.php\/blog\/\"]}]},{\"@type\":\"BreadcrumbList\",\"@id\":\"https:\/\/elalifato.blog\/index.php\/blog\/#breadcrumb\",\"itemListElement\":[{\"@type\":\"ListItem\",\"position\":1,\"name\":\"Portada\",\"item\":\"https:\/\/elalifato.blog\/\"},{\"@type\":\"ListItem\",\"position\":2,\"name\":\"Blog\"}]},{\"@type\":\"WebSite\",\"@id\":\"https:\/\/elalifato.blog\/#website\",\"url\":\"https:\/\/elalifato.blog\/\",\"name\":\"elalifato.blog\",\"description\":\"En elalifato.blog podr\u00e1s leer ensayos y art\u00edculos hist\u00f3ricos relacionados con multitud de temas y \u00e9pocas, historia del arte y antropolog\u00eda de las religiones. Un sitio donde descubrir\u00e1s emplazamientos hist\u00f3ricos que no conoc\u00edas as\u00ed como consejos para visitarlos.\",\"publisher\":{\"@id\":\"https:\/\/elalifato.blog\/#\/schema\/person\/6bc5d4d3e2a3506e66e17752410b50f8\"},\"potentialAction\":[{\"@type\":\"SearchAction\",\"target\":{\"@type\":\"EntryPoint\",\"urlTemplate\":\"https:\/\/elalifato.blog\/?s={search_term_string}\"},\"query-input\":\"required name=search_term_string\"}],\"inLanguage\":\"es\"},{\"@type\":[\"Person\",\"Organization\"],\"@id\":\"https:\/\/elalifato.blog\/#\/schema\/person\/6bc5d4d3e2a3506e66e17752410b50f8\",\"name\":\"Adriana Pastor Mancl\u00fas\",\"image\":{\"@type\":\"ImageObject\",\"inLanguage\":\"es\",\"@id\":\"https:\/\/elalifato.blog\/#\/schema\/person\/image\/\",\"url\":\"https:\/\/elalifato.blog\/wp-content\/uploads\/2023\/09\/elalifatoblog-logo.svg\",\"contentUrl\":\"https:\/\/elalifato.blog\/wp-content\/uploads\/2023\/09\/elalifatoblog-logo.svg\",\"width\":5516,\"height\":1000,\"caption\":\"Adriana Pastor Mancl\u00fas\"},\"logo\":{\"@id\":\"https:\/\/elalifato.blog\/#\/schema\/person\/image\/\"},\"description\":\"Graduada en Historia, Geograf\u00eda e Historia del Arte. Especializada en Historia de las Religiones y Mundo Isl\u00e1mico.\",\"sameAs\":[\"http:\/\/elalifato.blog\"]}]}<\/script>\n<!-- \/ Yoast SEO plugin. -->","yoast_head_json":{"title":"Blog - elalifato.blog","robots":{"index":"index","follow":"follow","max-snippet":"max-snippet:-1","max-image-preview":"max-image-preview:large","max-video-preview":"max-video-preview:-1"},"canonical":"https:\/\/elalifato.blog\/index.php\/blog\/","og_locale":"es_ES","og_type":"article","og_title":"Blog - elalifato.blog","og_url":"https:\/\/elalifato.blog\/index.php\/blog\/","og_site_name":"elalifato.blog","article_modified_time":"2025-09-17T07:01:40+00:00","twitter_card":"summary_large_image","schema":{"@context":"https:\/\/schema.org","@graph":[{"@type":"WebPage","@id":"https:\/\/elalifato.blog\/index.php\/blog\/","url":"https:\/\/elalifato.blog\/index.php\/blog\/","name":"Blog - elalifato.blog","isPartOf":{"@id":"https:\/\/elalifato.blog\/#website"},"datePublished":"2023-11-08T10:56:15+00:00","dateModified":"2025-09-17T07:01:40+00:00","breadcrumb":{"@id":"https:\/\/elalifato.blog\/index.php\/blog\/#breadcrumb"},"inLanguage":"es","potentialAction":[{"@type":"ReadAction","target":["https:\/\/elalifato.blog\/index.php\/blog\/"]}]},{"@type":"BreadcrumbList","@id":"https:\/\/elalifato.blog\/index.php\/blog\/#breadcrumb","itemListElement":[{"@type":"ListItem","position":1,"name":"Portada","item":"https:\/\/elalifato.blog\/"},{"@type":"ListItem","position":2,"name":"Blog"}]},{"@type":"WebSite","@id":"https:\/\/elalifato.blog\/#website","url":"https:\/\/elalifato.blog\/","name":"elalifato.blog","description":"En elalifato.blog podr\u00e1s leer ensayos y art\u00edculos hist\u00f3ricos relacionados con multitud de temas y \u00e9pocas, historia del arte y antropolog\u00eda de las religiones. Un sitio donde descubrir\u00e1s emplazamientos hist\u00f3ricos que no conoc\u00edas as\u00ed como consejos para visitarlos.","publisher":{"@id":"https:\/\/elalifato.blog\/#\/schema\/person\/6bc5d4d3e2a3506e66e17752410b50f8"},"potentialAction":[{"@type":"SearchAction","target":{"@type":"EntryPoint","urlTemplate":"https:\/\/elalifato.blog\/?s={search_term_string}"},"query-input":"required name=search_term_string"}],"inLanguage":"es"},{"@type":["Person","Organization"],"@id":"https:\/\/elalifato.blog\/#\/schema\/person\/6bc5d4d3e2a3506e66e17752410b50f8","name":"Adriana Pastor Mancl\u00fas","image":{"@type":"ImageObject","inLanguage":"es","@id":"https:\/\/elalifato.blog\/#\/schema\/person\/image\/","url":"https:\/\/elalifato.blog\/wp-content\/uploads\/2023\/09\/elalifatoblog-logo.svg","contentUrl":"https:\/\/elalifato.blog\/wp-content\/uploads\/2023\/09\/elalifatoblog-logo.svg","width":5516,"height":1000,"caption":"Adriana Pastor Mancl\u00fas"},"logo":{"@id":"https:\/\/elalifato.blog\/#\/schema\/person\/image\/"},"description":"Graduada en Historia, Geograf\u00eda e Historia del Arte. Especializada en Historia de las Religiones y Mundo Isl\u00e1mico.","sameAs":["http:\/\/elalifato.blog"]}]}},"_links":{"self":[{"href":"https:\/\/elalifato.blog\/index.php\/wp-json\/wp\/v2\/pages\/1485"}],"collection":[{"href":"https:\/\/elalifato.blog\/index.php\/wp-json\/wp\/v2\/pages"}],"about":[{"href":"https:\/\/elalifato.blog\/index.php\/wp-json\/wp\/v2\/types\/page"}],"author":[{"embeddable":true,"href":"https:\/\/elalifato.blog\/index.php\/wp-json\/wp\/v2\/users\/1"}],"replies":[{"embeddable":true,"href":"https:\/\/elalifato.blog\/index.php\/wp-json\/wp\/v2\/comments?post=1485"}],"version-history":[{"count":1,"href":"https:\/\/elalifato.blog\/index.php\/wp-json\/wp\/v2\/pages\/1485\/revisions"}],"predecessor-version":[{"id":1486,"href":"https:\/\/elalifato.blog\/index.php\/wp-json\/wp\/v2\/pages\/1485\/revisions\/1486"}],"wp:attachment":[{"href":"https:\/\/elalifato.blog\/index.php\/wp-json\/wp\/v2\/media?parent=1485"}],"curies":[{"name":"wp","href":"https:\/\/api.w.org\/{rel}","templated":true}]}}